{"id":41,"date":"2025-09-04T11:54:37","date_gmt":"2025-09-04T09:54:37","guid":{"rendered":"https:\/\/blog.map-invasion.de\/?page_id=41"},"modified":"2025-09-07T17:50:23","modified_gmt":"2025-09-07T15:50:23","slug":"links","status":"publish","type":"page","link":"https:\/\/blog.map-invasion.de\/startseite\/links","title":{"rendered":"Links"},"content":{"rendered":"\n<p><\/p>\n\n\n\n<figure class=\"wp-block-table is-style-stripes has-medium-font-size\"><table class=\"has-fixed-layout\"><tbody><tr><td><strong>Seite<\/strong><\/td><td><strong>Beschreibung<\/strong><\/td><\/tr><tr><td><a href=\"http:\/\/www.lima-city.de\">Lima-City<\/a><\/td><td>Unser Webhoster<\/td><\/tr><tr><td><a href=\"http:\/\/www.wordpress.com\">WordPress<\/a><\/td><td>Blog-Software<\/td><\/tr><tr><td><a href=\"http:\/\/www.mantisbt.org\">MantisBT<\/a><\/td><td>Bug Tracker<\/td><\/tr><tr><td><a href=\"https:\/\/www.opferlamm-clan.de\/\">Opferlamm-Clan<\/a><\/td><td>Tutorials f\u00fcr Call of Duty<\/td><\/tr><tr><td><a href=\"https:\/\/cod.pm\/\">CoD.pm<\/a><\/td><td>Serverliste f\u00fcr CoD &#8211; Nach Abschaltung des Masterservers<\/td><\/tr><\/tbody><\/table><\/figure>\n\n\n\n<p><\/p>\n\n\n\n<blockquote class=\"wp-block-quote is-layout-flow wp-block-quote-is-layout-flow\">\n<p class=\"has-small-font-size\">*Ich \u00fcbernehme keine Haftung f\u00fcr Sch\u00e4den an Hard- oder Software die durch meine Tipps oder Downloads entstanden sind oder entstehen k\u00f6nnen. Desweiter sind die Downloads und Links explizit nicht auf Viren gepr\u00fcft. F\u00fcr Angebote von Drittanbietern \u00fcbernehme ich keine Haftung. Die Nutzung aller Downloads und Tipps erfolgt auf ausschlie\u00dflich eigene Gefahr.<\/p>\n<\/blockquote>\n","protected":false},"excerpt":{"rendered":"<p>Seite Beschreibung Lima-City Unser Webhoster WordPress Blog-Software MantisBT Bug Tracker Opferlamm-Clan Tutorials f\u00fcr Call of Duty CoD.pm Serverliste f\u00fcr CoD &#8211; Nach Abschaltung des Masterservers *Ich \u00fcbernehme keine Haftung f\u00fcr Sch\u00e4den an Hard- oder Software die durch meine Tipps oder Downloads entstanden sind oder entstehen k\u00f6nnen. Desweiter sind die Downloads [&hellip;]<\/p>\n","protected":false},"author":1,"featured_media":0,"parent":0,"menu_order":0,"comment_status":"closed","ping_status":"closed","template":"","meta":{"footnotes":""},"class_list":["post-41","page","type-page","status-publish","hentry"],"_links":{"self":[{"href":"https:\/\/blog.map-invasion.de\/startseite\/wp-json\/wp\/v2\/pages\/41","targetHints":{"allow":["GET"]}}],"collection":[{"href":"https:\/\/blog.map-invasion.de\/startseite\/wp-json\/wp\/v2\/pages"}],"about":[{"href":"https:\/\/blog.map-invasion.de\/startseite\/wp-json\/wp\/v2\/types\/page"}],"author":[{"embeddable":true,"href":"https:\/\/blog.map-invasion.de\/startseite\/wp-json\/wp\/v2\/users\/1"}],"replies":[{"embeddable":true,"href":"https:\/\/blog.map-invasion.de\/startseite\/wp-json\/wp\/v2\/comments?post=41"}],"version-history":[{"count":4,"href":"https:\/\/blog.map-invasion.de\/startseite\/wp-json\/wp\/v2\/pages\/41\/revisions"}],"predecessor-version":[{"id":218,"href":"https:\/\/blog.map-invasion.de\/startseite\/wp-json\/wp\/v2\/pages\/41\/revisions\/218"}],"wp:attachment":[{"href":"https:\/\/blog.map-invasion.de\/startseite\/wp-json\/wp\/v2\/media?parent=41"}],"curies":[{"name":"wp","href":"https:\/\/api.w.org\/{rel}","templated":true}]}}