{"id":50,"date":"2025-09-04T11:57:08","date_gmt":"2025-09-04T09:57:08","guid":{"rendered":"https:\/\/blog.map-invasion.de\/?page_id=50"},"modified":"2025-09-07T17:29:55","modified_gmt":"2025-09-07T15:29:55","slug":"cod-maps","status":"publish","type":"page","link":"https:\/\/blog.map-invasion.de\/startseite\/cod-maps","title":{"rendered":"CoD Maps"},"content":{"rendered":"\n<p><\/p>\n\n\n\n<figure class=\"wp-block-table is-style-stripes\"><table class=\"has-fixed-layout\"><tbody><tr><td><strong>Name<\/strong><\/td><td><strong>Version<\/strong><\/td><td><strong>Download<\/strong><\/td><\/tr><tr><td>Room_Killing<\/td><td>1.0<\/td><td>&#8230; *<\/td><\/tr><tr><td>Floor_of_Death&nbsp;<\/td><td>1.0<\/td><td>&#8230; *<\/td><\/tr><tr><td>Floor_of_Death 2 The Z within<\/td><td>1.0<\/td><td>&#8230; *<\/td><\/tr><tr><td>Floor_of_Death MasterZ<\/td><td>1.0<\/td><td>&#8230; *<\/td><\/tr><tr><td>Pool_Day<\/td><td>1.0<\/td><td>&#8230; *<\/td><\/tr><tr><td>Anal Sex<\/td><td>1.0<\/td><td>&#8230; *<\/td><\/tr><tr><td>Anal Sex Extrem<\/td><td>1.0<\/td><td>&#8230; *<\/td><\/tr><tr><td>Glassfloor<\/td><td>1.0<\/td><td>&#8230; *<\/td><\/tr><tr><td>Crazyjump<\/td><td>1.0<\/td><td>&#8230; *<\/td><\/tr><\/tbody><\/table><\/figure>\n\n\n\n<p><\/p>\n\n\n\n<blockquote class=\"wp-block-quote is-layout-flow wp-block-quote-is-layout-flow\">\n<p class=\"has-small-font-size\">*Ich \u00fcbernehme keine Haftung f\u00fcr Sch\u00e4den an Hard- oder Software die durch meine Tipps oder Downloads entstanden sind oder entstehen k\u00f6nnen. Desweiter sind die Downloads und Links explizit nicht auf Viren gepr\u00fcft. F\u00fcr Angebote von Drittanbietern \u00fcbernehme ich keine Haftung. Die Nutzung aller Downloads und Tipps erfolgt auf ausschlie\u00dflich eigene Gefahr.<\/p>\n<\/blockquote>\n","protected":false},"excerpt":{"rendered":"<p>Name Version Download Room_Killing 1.0 &#8230; * Floor_of_Death&nbsp; 1.0 &#8230; * Floor_of_Death 2 The Z within 1.0 &#8230; * Floor_of_Death MasterZ 1.0 &#8230; * Pool_Day 1.0 &#8230; * Anal Sex 1.0 &#8230; * Anal Sex Extrem 1.0 &#8230; * Glassfloor 1.0 &#8230; * Crazyjump 1.0 &#8230; * *Ich \u00fcbernehme keine [&hellip;]<\/p>\n","protected":false},"author":1,"featured_media":0,"parent":0,"menu_order":0,"comment_status":"closed","ping_status":"closed","template":"","meta":{"footnotes":""},"class_list":["post-50","page","type-page","status-publish","hentry"],"_links":{"self":[{"href":"https:\/\/blog.map-invasion.de\/startseite\/wp-json\/wp\/v2\/pages\/50","targetHints":{"allow":["GET"]}}],"collection":[{"href":"https:\/\/blog.map-invasion.de\/startseite\/wp-json\/wp\/v2\/pages"}],"about":[{"href":"https:\/\/blog.map-invasion.de\/startseite\/wp-json\/wp\/v2\/types\/page"}],"author":[{"embeddable":true,"href":"https:\/\/blog.map-invasion.de\/startseite\/wp-json\/wp\/v2\/users\/1"}],"replies":[{"embeddable":true,"href":"https:\/\/blog.map-invasion.de\/startseite\/wp-json\/wp\/v2\/comments?post=50"}],"version-history":[{"count":4,"href":"https:\/\/blog.map-invasion.de\/startseite\/wp-json\/wp\/v2\/pages\/50\/revisions"}],"predecessor-version":[{"id":212,"href":"https:\/\/blog.map-invasion.de\/startseite\/wp-json\/wp\/v2\/pages\/50\/revisions\/212"}],"wp:attachment":[{"href":"https:\/\/blog.map-invasion.de\/startseite\/wp-json\/wp\/v2\/media?parent=50"}],"curies":[{"name":"wp","href":"https:\/\/api.w.org\/{rel}","templated":true}]}}