{"id":68,"date":"2025-09-04T13:04:03","date_gmt":"2025-09-04T11:04:03","guid":{"rendered":"https:\/\/blog.map-invasion.de\/startseite\/?page_id=68"},"modified":"2025-09-07T17:53:35","modified_gmt":"2025-09-07T15:53:35","slug":"ueber-uns","status":"publish","type":"page","link":"https:\/\/blog.map-invasion.de\/startseite\/ueber-uns","title":{"rendered":"\u00dcber uns"},"content":{"rendered":"\n<p>Map Invasion, kurz MI wurde 2006 von Mama-Polska gegr\u00fcndet. Anfangs erstellte ich Maps f\u00fcr meinen damaligen Clan, den M\u00f6vter Clan ( Clantag: ( &#8218; &#8218; )&lt; ).<\/p>\n\n\n\n<p>Nach vielen internen Umstellungen trennte sich MI schlie\u00dflich vom Clan und wurde eigenst\u00e4ndig. Dies hob auch die Exklusivit\u00e4t der Maps auf. Sie kamen jetzt nach vielen Lan Partys auch \u00f6ffentlich zum Einsatz. Nach der Trennung vom Clan wurden die Maps alle \u00fcberarbeitet um die Performance zu verbessern und den Spielspa\u00df weiter zu steigern. Au\u00dferdem wurden alle Clan-Hinweise uns Reverenzen entfernt.<\/p>\n\n\n\n<p>MI besch\u00e4ftigte sich haupts\u00e4chlich mit Call of Duty (CoD) und Call of Duty United Offensive (CoDUO), es gab aber auch einige kleine Experimente f\u00fcr andere Teile und Spiele.<\/p>\n\n\n\n<p>Nach einigen Jahren gingen auch die Wege von Map-Invasion und unserem Betatester auseinander, grund daf\u00fcr waren  das interesse an anderen Spielen und fehlende Zeit.<\/p>\n\n\n\n<p>Ich machte noch ein bis zwei Jahre weiter bis auch ich anderen Interessen nachging.<\/p>\n\n\n\n<p>Es folgte eine lange Pause, welche im Urlaub ab und zu wieder kurzzeitig ausgesetzt wurde. Die faszination schwand aber nie ganz.<\/p>\n\n\n\n<p>Nach all den Jahren ist es nun wieder an der Zeit etwas wiederzubeleben&#8230;<\/p>\n\n\n\n<p>Map-Invasion ist zur\u00fcck!<\/p>\n\n\n\n<figure class=\"wp-block-image size-full\"><img fetchpriority=\"high\" decoding=\"async\" width=\"849\" height=\"566\" src=\"https:\/\/blog.map-invasion.de\/wp-content\/uploads\/2025\/09\/cropped-MI_Header_small.png\" alt=\"\" class=\"wp-image-180\" srcset=\"https:\/\/blog.map-invasion.de\/wp-content\/uploads\/2025\/09\/cropped-MI_Header_small.png 849w, https:\/\/blog.map-invasion.de\/wp-content\/uploads\/2025\/09\/cropped-MI_Header_small-300x200.png 300w, https:\/\/blog.map-invasion.de\/wp-content\/uploads\/2025\/09\/cropped-MI_Header_small-768x512.png 768w, https:\/\/blog.map-invasion.de\/wp-content\/uploads\/2025\/09\/cropped-MI_Header_small-360x240.png 360w\" sizes=\"(max-width: 849px) 100vw, 849px\" \/><\/figure>\n\n\n\n<p><\/p>\n\n\n\n<p><\/p>\n","protected":false},"excerpt":{"rendered":"<p>Map Invasion, kurz MI wurde 2006 von Mama-Polska gegr\u00fcndet. Anfangs erstellte ich Maps f\u00fcr meinen damaligen Clan, den M\u00f6vter Clan ( Clantag: ( &#8218; &#8218; )&lt; ). Nach vielen internen Umstellungen trennte sich MI schlie\u00dflich vom Clan und wurde eigenst\u00e4ndig. Dies hob auch die Exklusivit\u00e4t der Maps auf. Sie kamen [&hellip;]<\/p>\n","protected":false},"author":1,"featured_media":0,"parent":0,"menu_order":0,"comment_status":"closed","ping_status":"closed","template":"","meta":{"footnotes":""},"class_list":["post-68","page","type-page","status-publish","hentry"],"_links":{"self":[{"href":"https:\/\/blog.map-invasion.de\/startseite\/wp-json\/wp\/v2\/pages\/68","targetHints":{"allow":["GET"]}}],"collection":[{"href":"https:\/\/blog.map-invasion.de\/startseite\/wp-json\/wp\/v2\/pages"}],"about":[{"href":"https:\/\/blog.map-invasion.de\/startseite\/wp-json\/wp\/v2\/types\/page"}],"author":[{"embeddable":true,"href":"https:\/\/blog.map-invasion.de\/startseite\/wp-json\/wp\/v2\/users\/1"}],"replies":[{"embeddable":true,"href":"https:\/\/blog.map-invasion.de\/startseite\/wp-json\/wp\/v2\/comments?post=68"}],"version-history":[{"count":3,"href":"https:\/\/blog.map-invasion.de\/startseite\/wp-json\/wp\/v2\/pages\/68\/revisions"}],"predecessor-version":[{"id":220,"href":"https:\/\/blog.map-invasion.de\/startseite\/wp-json\/wp\/v2\/pages\/68\/revisions\/220"}],"wp:attachment":[{"href":"https:\/\/blog.map-invasion.de\/startseite\/wp-json\/wp\/v2\/media?parent=68"}],"curies":[{"name":"wp","href":"https:\/\/api.w.org\/{rel}","templated":true}]}}