{"id":77,"date":"2025-09-04T13:08:43","date_gmt":"2025-09-04T11:08:43","guid":{"rendered":"https:\/\/blog.map-invasion.de\/startseite\/?page_id=77"},"modified":"2025-09-06T09:54:11","modified_gmt":"2025-09-06T07:54:11","slug":"cod-beschreibung","status":"publish","type":"page","link":"https:\/\/blog.map-invasion.de\/startseite\/cod-beschreibung","title":{"rendered":"CoD Beschreibung"},"content":{"rendered":"\n<p><\/p>\n\n\n\n<p><strong>Call of Duty<\/strong>\u00a0ist ein\u00a0Ego-Shooter, der von\u00a0Infinity Ward\u00a0entwickelt und 2003 von\u00a0Activision\u00a0f\u00fcr\u00a0Microsoft Windows\u00a0ver\u00f6ffentlicht wurde. Es ist der erste Teil innerhalb der\u00a0<em>Call-of-Duty<\/em>-Spieleserie. Das Spiel inszeniert Infanteriegefechte im\u00a0Zweiten Weltkrieg\u00a0aus Sicht amerikanischer, britischer und sowjetischer Soldaten. Von fr\u00fcheren Vertretern des Genres hob es sich ab, da der Spieler nicht nur als Einzelk\u00e4mpfer, sondern innerhalb eines\u00a0Squads\u00a0aus computergesteuerten Kameraden seine Missionen absolvierte.<\/p>\n\n\n\n<p>2004 erschien die durch\u00a0Aspyr Media\u00a0auf\u00a0Mac OS X\u00a0portierte Version. Im September 2004 erschien mit\u00a0<em>Call of Duty: United Offensive<\/em>\u00a0eine Erweiterung, die von\u00a0Gray Matter Interactive\u00a0und\u00a0Pi Studios\u00a0entwickelt und erneut von Activision ver\u00f6ffentlicht wurde. <\/p>\n\n\n\n<p>Verwendet wird die\u00a0Id Tech 3\u00a0Engine, welche jedoch stark verbessert wurde und gr\u00f6\u00dfere Au\u00dfenlandschaften und mehr Spielfiguren gleichzeitig darstellen kann.<\/p>\n\n\n\n<p>Das Spielgeschehen wird durch gescriptete Ereignisse erg\u00e4nzt.\u00a0Mit Patch 1.4 wurde\u00a0PunkBuster\u00a0f\u00fcr den Mehrspielermodus hinzugef\u00fcgt.<\/p>\n\n\n\n<p><\/p>\n\n\n\n<p class=\"has-medium-font-size\"><strong>Handlung:<\/strong><\/p>\n\n\n\n<p>Das Spiel beginnt mit der Ausbildung des Private Martin zum\u00a0Fallschirmj\u00e4ger\u00a0im US-amerikanischen\u00a0Camp Toccoa. Danach k\u00e4mpft dieser w\u00e4hrend der\u00a0Operation Overlord\u00a0in der\u00a0Normandie. Anschlie\u00dfend k\u00e4mpft man als Sergeant Evans unter britischem Kommando und verteidigt man die\u00a0Pegasusbr\u00fccke\u00a0(Operation Tonga) und sabotiert das Schlachtschiff\u00a0<em>Tirpitz<\/em>. Danach wechselt der Perspektive auf den sowjetischen Unterleutnant Alexei Ivanovich bei der\u00a0Schlacht um Stalingrad. Das Spiel endet mit dem Hissen der roten Flagge auf dem\u00a0Reichstagsgeb\u00e4ude.\u00a0Dabei werden teils Szenen aus dem Kinofilm\u00a0Duell \u2013 Enemy at the Gates\u00a0oder der Fernsehserie\u00a0Band of Brothers\u00a0nachgespielt.<\/p>\n\n\n\n<p><\/p>\n\n\n\n<p class=\"has-medium-font-size\"><strong>Spielmodi<\/strong>:<\/p>\n\n\n\n<ul class=\"wp-block-list\">\n<li>Einzelspieler (Kampagne)<\/li>\n\n\n\n<li><em>Deathmatch<\/em>: jeder gegen jeden<\/li>\n\n\n\n<li><em>Team-Deathmatch<\/em>: zwei Teams gegeneinander<\/li>\n\n\n\n<li><em>Suchen und Zerst\u00f6ren<\/em>: in dem ein Team muss einen Auftrag erledigen, w\u00e4hrend das andere dieses verhindert, etwa das Legen und Z\u00fcnden einer Bombe, \u00e4hnlich\u00a0<em>Counter-Strike<\/em><\/li>\n\n\n\n<li><em>Bergung<\/em>: ein Team versucht, ein Objekt zu stehlen und zu seiner Basis zu bringen<\/li>\n\n\n\n<li><em>Hinter den feindlichen Linien<\/em>: ein alliiertes Team tritt gegen eine \u00dcberzahl von Spielern des Achsenteams an und versucht m\u00f6glichst lange zu \u00fcberleben. Derjenige Spieler auf Seite der Achsenm\u00e4chte, dem es gelingt, einen Alliierten zu erschie\u00dfen, tauscht mit diesem die Rolle.<\/li>\n<\/ul>\n\n\n\n<p>Auszug aus Wikipedia: <a href=\"https:\/\/de.wikipedia.org\/wiki\/Call_of_Duty_(Computerspiel)#Entwicklung\" data-type=\"link\" data-id=\"https:\/\/de.wikipedia.org\/wiki\/Call_of_Duty_(Computerspiel)#Entwicklung\">https:\/\/de.wikipedia.org\/wiki\/Call_of_Duty_(Computerspiel)#Entwicklung<\/a><\/p>\n\n\n\n<p><\/p>\n","protected":false},"excerpt":{"rendered":"<p>Call of Duty\u00a0ist ein\u00a0Ego-Shooter, der von\u00a0Infinity Ward\u00a0entwickelt und 2003 von\u00a0Activision\u00a0f\u00fcr\u00a0Microsoft Windows\u00a0ver\u00f6ffentlicht wurde. Es ist der erste Teil innerhalb der\u00a0Call-of-Duty-Spieleserie. Das Spiel inszeniert Infanteriegefechte im\u00a0Zweiten Weltkrieg\u00a0aus Sicht amerikanischer, britischer und sowjetischer Soldaten. Von fr\u00fcheren Vertretern des Genres hob es sich ab, da der Spieler nicht nur als Einzelk\u00e4mpfer, sondern innerhalb eines\u00a0Squads\u00a0aus [&hellip;]<\/p>\n","protected":false},"author":1,"featured_media":0,"parent":0,"menu_order":0,"comment_status":"closed","ping_status":"closed","template":"","meta":{"footnotes":""},"class_list":["post-77","page","type-page","status-publish","hentry"],"_links":{"self":[{"href":"https:\/\/blog.map-invasion.de\/startseite\/wp-json\/wp\/v2\/pages\/77","targetHints":{"allow":["GET"]}}],"collection":[{"href":"https:\/\/blog.map-invasion.de\/startseite\/wp-json\/wp\/v2\/pages"}],"about":[{"href":"https:\/\/blog.map-invasion.de\/startseite\/wp-json\/wp\/v2\/types\/page"}],"author":[{"embeddable":true,"href":"https:\/\/blog.map-invasion.de\/startseite\/wp-json\/wp\/v2\/users\/1"}],"replies":[{"embeddable":true,"href":"https:\/\/blog.map-invasion.de\/startseite\/wp-json\/wp\/v2\/comments?post=77"}],"version-history":[{"count":2,"href":"https:\/\/blog.map-invasion.de\/startseite\/wp-json\/wp\/v2\/pages\/77\/revisions"}],"predecessor-version":[{"id":141,"href":"https:\/\/blog.map-invasion.de\/startseite\/wp-json\/wp\/v2\/pages\/77\/revisions\/141"}],"wp:attachment":[{"href":"https:\/\/blog.map-invasion.de\/startseite\/wp-json\/wp\/v2\/media?parent=77"}],"curies":[{"name":"wp","href":"https:\/\/api.w.org\/{rel}","templated":true}]}}