{"id":80,"date":"2025-09-04T13:10:59","date_gmt":"2025-09-04T11:10:59","guid":{"rendered":"https:\/\/blog.map-invasion.de\/startseite\/?page_id=80"},"modified":"2025-09-06T09:45:49","modified_gmt":"2025-09-06T07:45:49","slug":"waffen","status":"publish","type":"page","link":"https:\/\/blog.map-invasion.de\/startseite\/waffen","title":{"rendered":"Waffen"},"content":{"rendered":"\n<h3 class=\"wp-block-heading\">Multiplayer-Waffen<\/h3>\n\n\n\n<h1 class=\"wp-block-heading\">Gro\u00dfbritannien<\/h1>\n\n\n\n<p><strong>Colt M1911<\/strong><\/p>\n\n\n\n<figure class=\"wp-block-image size-full\"><img decoding=\"async\" width=\"150\" height=\"150\" src=\"https:\/\/blog.map-invasion.de\/wp-content\/uploads\/2025\/09\/Colt-M1911.jpg\" alt=\"\" class=\"wp-image-112\"\/><\/figure>\n\n\n\n<figure class=\"wp-block-table\"><table class=\"has-fixed-layout\"><tbody><tr><th>Die Colt M1911 ist mit ihrem 7 Patronenmagazin f\u00fcr den Nahkampf oder den Kurzstreckenkampf gut geeignet.<\/th><\/tr><\/tbody><\/table><\/figure>\n\n\n\n<p><strong>Lee Enfield<\/strong><\/p>\n\n\n\n<figure class=\"wp-block-image size-full\"><img decoding=\"async\" width=\"150\" height=\"150\" src=\"https:\/\/blog.map-invasion.de\/wp-content\/uploads\/2025\/09\/Lee-Enfield.jpg\" alt=\"\" class=\"wp-image-116\"\/><\/figure>\n\n\n\n<figure class=\"wp-block-table\"><table class=\"has-fixed-layout\"><tbody><tr><th>Das Enfield-Gewehr ist hervoragend f\u00fcr den Fernkampf geeignet.Es ist sehr pr\u00e4zise und sehr durchschlagskr\u00e4ftig.Mit dem 10 Patronen fassenden Magazin auch f\u00fcr kurze Distanz geeignet, da Repetier-Gewehr.<\/th><\/tr><\/tbody><\/table><\/figure>\n\n\n\n<p><strong>Sten<\/strong><\/p>\n\n\n\n<figure class=\"wp-block-image size-full\"><img decoding=\"async\" width=\"150\" height=\"150\" src=\"https:\/\/blog.map-invasion.de\/wp-content\/uploads\/2025\/09\/Sten.jpg\" alt=\"\" class=\"wp-image-132\"\/><\/figure>\n\n\n\n<figure class=\"wp-block-table\"><table class=\"has-fixed-layout\"><tbody><tr><th>Die Sten is kaum zugebrauchen,sie macht zu wenig Schaden und ist sehr ungenau. Allerdings hilft das starke streuen gegen Gegnerverb\u00e4nde.<\/th><\/tr><\/tbody><\/table><\/figure>\n\n\n\n<p><strong>Bren Mark 2<\/strong><\/p>\n\n\n\n<figure class=\"wp-block-image size-full\"><img loading=\"lazy\" decoding=\"async\" width=\"150\" height=\"150\" src=\"https:\/\/blog.map-invasion.de\/wp-content\/uploads\/2025\/09\/Bren-Mark-2.jpg\" alt=\"\" class=\"wp-image-111\"\/><\/figure>\n\n\n\n<figure class=\"wp-block-table\"><table class=\"has-fixed-layout\"><tbody><tr><th>Die Bren hat ein 30 Patronen fassendes Magazin.Sie ist perfekt um vorr\u00fcckenden Kameraden Deckung zu geben.<\/th><\/tr><\/tbody><\/table><\/figure>\n\n\n\n<p><strong>MK 1 Granate<\/strong><\/p>\n\n\n\n<figure class=\"wp-block-image size-full\"><img loading=\"lazy\" decoding=\"async\" width=\"150\" height=\"150\" src=\"https:\/\/blog.map-invasion.de\/wp-content\/uploads\/2025\/09\/MK-1-Granate.jpg\" alt=\"\" class=\"wp-image-121\"\/><\/figure>\n\n\n\n<figure class=\"wp-block-table\"><table class=\"has-fixed-layout\"><tbody><tr><th>Genauso wie die Mark II der Amerikaner eine Splittergranate mit TNT F\u00fcllung.Im Nahkampf unverzichtbar.<\/th><\/tr><\/tbody><\/table><\/figure>\n\n\n\n<h1 class=\"wp-block-heading\">&nbsp;<\/h1>\n\n\n\n<h1 class=\"wp-block-heading\">Deutsche Wehrmacht<\/h1>\n\n\n\n<p><strong>P08 Luger<\/strong><\/p>\n\n\n\n<figure class=\"wp-block-image size-full\"><img loading=\"lazy\" decoding=\"async\" width=\"150\" height=\"150\" src=\"https:\/\/blog.map-invasion.de\/wp-content\/uploads\/2025\/09\/P08-Luger.jpg\" alt=\"\" class=\"wp-image-127\"\/><\/figure>\n\n\n\n<figure class=\"wp-block-table\"><table class=\"has-fixed-layout\"><tbody><tr><th>Die P08 Luger ist mit ihrem 7 Patronenmagazin f\u00fcr den Nahkampf oder den Kurzstreckenkampf gut geeignet.<\/th><\/tr><\/tbody><\/table><\/figure>\n\n\n\n<p><strong>Karabiner 98<\/strong><\/p>\n\n\n\n<figure class=\"wp-block-image size-full\"><img loading=\"lazy\" decoding=\"async\" width=\"150\" height=\"150\" src=\"https:\/\/blog.map-invasion.de\/wp-content\/uploads\/2025\/09\/K98.jpg\" alt=\"\" class=\"wp-image-115\"\/><\/figure>\n\n\n\n<figure class=\"wp-block-table\"><table class=\"has-fixed-layout\"><tbody><tr><th>Die K98 bestizt selbst \u00fcber gro\u00dfe Entfernung absolute Zielsicherheit und Durchschlagkraft. Durch das kleine Magazin nur bedingt f\u00fcr den Nahkampf geeignet.<\/th><\/tr><\/tbody><\/table><\/figure>\n\n\n\n<p><strong>MP40<\/strong><\/p>\n\n\n\n<figure class=\"wp-block-image size-full\"><img loading=\"lazy\" decoding=\"async\" width=\"150\" height=\"150\" src=\"https:\/\/blog.map-invasion.de\/wp-content\/uploads\/2025\/09\/MP-40.jpg\" alt=\"\" class=\"wp-image-125\"\/><\/figure>\n\n\n\n<figure class=\"wp-block-table\"><table class=\"has-fixed-layout\"><tbody><tr><th>Die MP40 ist auch im Laufen weitaus genauer als die vergleichbare M1 Thompson. Der R\u00fcckstoss ist vergleichsweise gering und man kann auch im Dauerfeuer relativ zielgenau seinen Gegner attackieren. Au\u00dferdem ist sie auf Entfernung auch noch sehr pr\u00e4zise.Im Nahkampf schlechter als die M1 Thompson.Auch hat die MP40 weniger Durchschlagkraft als die Thompson.<\/th><\/tr><\/tbody><\/table><\/figure>\n\n\n\n<p><strong>MP44<\/strong><\/p>\n\n\n\n<figure class=\"wp-block-image size-full\"><img loading=\"lazy\" decoding=\"async\" width=\"150\" height=\"150\" src=\"https:\/\/blog.map-invasion.de\/wp-content\/uploads\/2025\/09\/MP-44.jpg\" alt=\"\" class=\"wp-image-126\"\/><\/figure>\n\n\n\n<figure class=\"wp-block-table\"><table class=\"has-fixed-layout\"><tbody><tr><th>Die MP44, oder auch StG 44 ist durchschlagskr\u00e4ftiger als die MP40 und im Nahkampf gut zu gebrauchen. Gut geeignet um angreifender Infanterie mit Feuerst\u00f6ssen Deckung zu geben. \u00dcber Entfernung allerdings schlechter als die MP40. Auch streut die Waffe im Dauerfeuer sehr stark und macht genaues zielen fast unm\u00f6glich.<\/th><\/tr><\/tbody><\/table><\/figure>\n\n\n\n<p><strong>Stielhandgranate 42<\/strong><\/p>\n\n\n\n<figure class=\"wp-block-image size-full\"><img loading=\"lazy\" decoding=\"async\" width=\"150\" height=\"150\" src=\"https:\/\/blog.map-invasion.de\/wp-content\/uploads\/2025\/09\/Stielhandgranate-42.jpg\" alt=\"\" class=\"wp-image-133\"\/><\/figure>\n\n\n\n<figure class=\"wp-block-table\"><table class=\"has-fixed-layout\"><tbody><tr><th>Die Stielhandgranate hat bessere Wurfeigenschaften als die Modelle der Allierten und ist somit unverzichtbar f\u00fcr den Nahkampft.<\/th><\/tr><\/tbody><\/table><\/figure>\n\n\n\n<p><strong>Scoped Karabiner 98<\/strong><\/p>\n\n\n\n<figure class=\"wp-block-image size-full\"><img loading=\"lazy\" decoding=\"async\" width=\"150\" height=\"150\" src=\"https:\/\/blog.map-invasion.de\/wp-content\/uploads\/2025\/09\/K98-Scoped.jpg\" alt=\"\" class=\"wp-image-114\"\/><\/figure>\n\n\n\n<figure class=\"wp-block-table\"><table class=\"has-fixed-layout\"><tbody><tr><th>Hier gilt das gleiche wie bei der K98.Nur ist diese Variante durch das Scope im Nahkampf purer Selbstmord.<\/th><\/tr><\/tbody><\/table><\/figure>\n\n\n\n<h1 class=\"wp-block-heading\">&nbsp;<\/h1>\n\n\n\n<h1 class=\"wp-block-heading\">Russland<\/h1>\n\n\n\n<h1 class=\"wp-block-heading\">&nbsp;<\/h1>\n\n\n\n<p><strong>P08 Luger<\/strong><\/p>\n\n\n\n<figure class=\"wp-block-image size-full\"><img loading=\"lazy\" decoding=\"async\" width=\"150\" height=\"150\" src=\"https:\/\/blog.map-invasion.de\/wp-content\/uploads\/2025\/09\/P08-Luger.jpg\" alt=\"\" class=\"wp-image-127\"\/><\/figure>\n\n\n\n<figure class=\"wp-block-table\"><table class=\"has-fixed-layout\"><tbody><tr><th>Die P08 Lugerist mit ihrem 7 Patronenmagazin f\u00fcr den Nahkampf oder den Kurzstreckenkampf gut geeignet.<\/th><\/tr><\/tbody><\/table><\/figure>\n\n\n\n<p><strong>Mosin Nagant<\/strong><\/p>\n\n\n\n<figure class=\"wp-block-image size-full\"><img loading=\"lazy\" decoding=\"async\" width=\"150\" height=\"150\" src=\"https:\/\/blog.map-invasion.de\/wp-content\/uploads\/2025\/09\/Mosin-Nagant.jpg\" alt=\"\" class=\"wp-image-124\"\/><\/figure>\n\n\n\n<figure class=\"wp-block-table\"><table class=\"has-fixed-layout\"><tbody><tr><th>Die Mosin Nagant hat eine gro\u00dfe Reichweite und ist zudem sehr pr\u00e4zise. Ein Nachteil ergibt sich Aufrund der niedrigen Feuerrate im Nahkampf<\/th><\/tr><\/tbody><\/table><\/figure>\n\n\n\n<p><strong>PPSh 41<\/strong><\/p>\n\n\n\n<figure class=\"wp-block-image size-full\"><img loading=\"lazy\" decoding=\"async\" width=\"150\" height=\"150\" src=\"https:\/\/blog.map-invasion.de\/wp-content\/uploads\/2025\/09\/PPSh-41.jpg\" alt=\"\" class=\"wp-image-129\"\/><\/figure>\n\n\n\n<figure class=\"wp-block-table\"><table class=\"has-fixed-layout\"><tbody><tr><th>Die PPSh 41 macht zu wenig Schaden und ist sehr ungenau,trotzdem ist sie durch ihr gro\u00dfes Magazin die erste Wahl im Nahkampf.<\/th><\/tr><\/tbody><\/table><\/figure>\n\n\n\n<p><strong>RGD 33<\/strong><\/p>\n\n\n\n<figure class=\"wp-block-image size-full\"><img loading=\"lazy\" decoding=\"async\" width=\"150\" height=\"150\" src=\"https:\/\/blog.map-invasion.de\/wp-content\/uploads\/2025\/09\/RGD-33.jpg\" alt=\"\" class=\"wp-image-130\"\/><\/figure>\n\n\n\n<figure class=\"wp-block-table\"><table class=\"has-fixed-layout\"><tbody><tr><th>Genauso wie die Mark II der Amerikaner eine Splittergranate mit TNT F\u00fcllung.Im Nahkampf unverzichtbar.<\/th><\/tr><\/tbody><\/table><\/figure>\n\n\n\n<p><strong>Scoped Mosin Nagant<\/strong><\/p>\n\n\n\n<figure class=\"wp-block-image size-full\"><img loading=\"lazy\" decoding=\"async\" width=\"150\" height=\"150\" src=\"https:\/\/blog.map-invasion.de\/wp-content\/uploads\/2025\/09\/Mosin-Nagant-Scoped.jpg\" alt=\"\" class=\"wp-image-123\"\/><\/figure>\n\n\n\n<figure class=\"wp-block-table\"><table class=\"has-fixed-layout\"><tbody><tr><th>Hier gilt das gleiche wie bei der Mosin Nagant.Nur ist diese Variante durch das Scope im Nahkampf purer Selbstmord.<\/th><\/tr><\/tbody><\/table><\/figure>\n\n\n\n<h1 class=\"wp-block-heading\">USA<\/h1>\n\n\n\n<p><strong>Colt M1911<\/strong><\/p>\n\n\n\n<figure class=\"wp-block-image size-full\"><img decoding=\"async\" width=\"150\" height=\"150\" src=\"https:\/\/blog.map-invasion.de\/wp-content\/uploads\/2025\/09\/Colt-M1911.jpg\" alt=\"\" class=\"wp-image-112\"\/><\/figure>\n\n\n\n<figure class=\"wp-block-table\"><table class=\"has-fixed-layout\"><tbody><tr><th>Die Colt M1911 ist mit ihrem 7 Patronenmagazin f\u00fcr den Nahkampf oder den Kurzstreckenkampf gut geeignet.<\/th><\/tr><\/tbody><\/table><\/figure>\n\n\n\n<p><strong>M1 Garand<\/strong><\/p>\n\n\n\n<figure class=\"wp-block-image size-full\"><img loading=\"lazy\" decoding=\"async\" width=\"150\" height=\"150\" src=\"https:\/\/blog.map-invasion.de\/wp-content\/uploads\/2025\/09\/M1-Garand.jpg\" alt=\"\" class=\"wp-image-117\"\/><\/figure>\n\n\n\n<figure class=\"wp-block-table\"><table class=\"has-fixed-layout\"><tbody><tr><th>Die M1 Garand ist auf Distanz relativ pr\u00e4zise und Durchschlagskr\u00e4ftig.Im Nahkampf ist sie ungenau ,aber durch ihr 8 Patronenmagazin allen anderen Gewehren \u00fcberlegen. Ein weiterer Vorteil ist das sie 8 Schluss ohne nachgeladen schie\u00dft,wodurch sie der K98 \u00fcberlegen ist.<\/th><\/tr><\/tbody><\/table><\/figure>\n\n\n\n<p><strong>M1A1 Karabiner<\/strong><\/p>\n\n\n\n<figure class=\"wp-block-image size-full\"><img loading=\"lazy\" decoding=\"async\" width=\"150\" height=\"150\" src=\"https:\/\/blog.map-invasion.de\/wp-content\/uploads\/2025\/09\/M1A1-Karabiner.jpg\" alt=\"\" class=\"wp-image-119\"\/><\/figure>\n\n\n\n<figure class=\"wp-block-table\"><table class=\"has-fixed-layout\"><tbody><tr><th>Das M1 Karabiner ist ein halbautomatisches Gewehr.Mit seinen 15 Schuss im Magazin und einer effektiven Reichweite.Sie ist ebenfalls auf Distanz sehr genau,macht aber auch zu wenig Schaden. Im Nahkampf noch besser geeignet als die Garand.<\/th><\/tr><\/tbody><\/table><\/figure>\n\n\n\n<p><strong>M1 Thompson<\/strong><\/p>\n\n\n\n<figure class=\"wp-block-image size-full\"><img loading=\"lazy\" decoding=\"async\" width=\"150\" height=\"150\" src=\"https:\/\/blog.map-invasion.de\/wp-content\/uploads\/2025\/09\/M1-Thompson.jpg\" alt=\"\" class=\"wp-image-118\"\/><\/figure>\n\n\n\n<figure class=\"wp-block-table\"><table class=\"has-fixed-layout\"><tbody><tr><th>Die Thompson auch &#8222;Tommygun&#8220; genannt, verschie\u00dft 600 bis 700 Schuss pro Minute, ist allerdings Aufgrund der starken Streuung eine reine Nahkampfwaffe.Sie ist perfekt im Nahkampf und zum st\u00fcrmen von R\u00e4umen. Aufgrund der starken Streuung auf Distanz viel zu ungenau.<\/th><\/tr><\/tbody><\/table><\/figure>\n\n\n\n<p><strong>BAR<\/strong><\/p>\n\n\n\n<figure class=\"wp-block-image size-full\"><img loading=\"lazy\" decoding=\"async\" width=\"150\" height=\"150\" src=\"https:\/\/blog.map-invasion.de\/wp-content\/uploads\/2025\/09\/BAR.jpg\" alt=\"\" class=\"wp-image-110\"\/><\/figure>\n\n\n\n<figure class=\"wp-block-table\"><table class=\"has-fixed-layout\"><tbody><tr><th>Die BAR (&nbsp;<strong>B<\/strong>rowning&nbsp;<strong>A<\/strong>utomatic&nbsp;<strong>R<\/strong>ifle) ist auf Distanz sehr genau. Eignet sich Aufgrund der hohen Schussfolge perfekt, um vorr\u00fcckenden Kameraden Deckung zu geben. Aufgrund des Gewichtes kommt man nur langsam voran. Aber tortzdem eine gute Waffe im Nahkampf<\/th><\/tr><\/tbody><\/table><\/figure>\n\n\n\n<p><strong>Mk II Fragmentation Grenade<\/strong><\/p>\n\n\n\n<figure class=\"wp-block-image size-full\"><img loading=\"lazy\" decoding=\"async\" width=\"150\" height=\"150\" src=\"https:\/\/blog.map-invasion.de\/wp-content\/uploads\/2025\/09\/Mk-II-Fragmentation-Grenade.jpg\" alt=\"\" class=\"wp-image-122\"\/><\/figure>\n\n\n\n<figure class=\"wp-block-table\"><table class=\"has-fixed-layout\"><tbody><tr><th>Die Mark II ist eine Splittergranate mit TNT F\u00fcllung.Im Nahkampf unverzichtbar.<\/th><\/tr><\/tbody><\/table><\/figure>\n\n\n\n<p><strong>Springfield<\/strong><\/p>\n\n\n\n<figure class=\"wp-block-image size-full\"><img loading=\"lazy\" decoding=\"async\" width=\"150\" height=\"150\" src=\"https:\/\/blog.map-invasion.de\/wp-content\/uploads\/2025\/09\/Springfield.jpg\" alt=\"\" class=\"wp-image-131\"\/><\/figure>\n\n\n\n<figure class=\"wp-block-table\"><table class=\"has-fixed-layout\"><tbody><tr><th>Das Springfield&nbsp;<strong>M1903&nbsp;<\/strong>ist im Fernkampf nach der K98 die erste Wahl.Im Nahkampf allerding nicht zu gebrauchen.<\/th><\/tr><\/tbody><\/table><\/figure>\n\n\n\n<h1 class=\"wp-block-heading\">Sonstige<\/h1>\n\n\n\n<p><strong>FG 42<\/strong><\/p>\n\n\n\n<figure class=\"wp-block-image size-full\"><img loading=\"lazy\" decoding=\"async\" width=\"150\" height=\"150\" src=\"https:\/\/blog.map-invasion.de\/wp-content\/uploads\/2025\/09\/FG-42.jpg\" alt=\"\" class=\"wp-image-113\"\/><\/figure>\n\n\n\n<figure class=\"wp-block-table\"><table class=\"has-fixed-layout\"><tbody><tr><th>Das&nbsp;<strong>FG 42 ist ein Scharfsch\u00fctzen &#8211; und Sturmgewehr<\/strong>&nbsp;zugleich. Es ist sowohl im Fern &#8211; als auch im Nahkampf gut zu gebrauchen.<\/th><\/tr><\/tbody><\/table><\/figure>\n\n\n\n<p><strong>MG42<\/strong><\/p>\n\n\n\n<figure class=\"wp-block-image size-full\"><img loading=\"lazy\" decoding=\"async\" width=\"150\" height=\"150\" src=\"https:\/\/blog.map-invasion.de\/wp-content\/uploads\/2025\/09\/MG-42.jpg\" alt=\"\" class=\"wp-image-120\"\/><\/figure>\n\n\n\n<figure class=\"wp-block-table\"><table class=\"has-fixed-layout\"><tbody><tr><th>Das MG 42 ist sehr durchschlagskr\u00e4ftig, hat eine hohe Reichweite sowie hohe Schussfrequenz.\u00dcberhitzt aber sehr schnell.<\/th><\/tr><\/tbody><\/table><\/figure>\n\n\n\n<p><strong>Panzerfaust<\/strong><\/p>\n\n\n\n<figure class=\"wp-block-image size-full\"><img loading=\"lazy\" decoding=\"async\" width=\"150\" height=\"150\" src=\"https:\/\/blog.map-invasion.de\/wp-content\/uploads\/2025\/09\/Panzerfaust.jpg\" alt=\"\" class=\"wp-image-128\"\/><\/figure>\n\n\n\n<figure class=\"wp-block-table\"><table class=\"has-fixed-layout\"><tbody><tr><th>Erkl\u00e4rt sich von alleine. Wird durch ihre starke Feuerkraft oft von Noobs benutzt.Die Panzerfaust is eigendlich nur n\u00fctze um gr\u00f6\u00dfere Trupps aufzuhalten.<\/th><\/tr><\/tbody><\/table><\/figure>\n","protected":false},"excerpt":{"rendered":"<p>Multiplayer-Waffen Gro\u00dfbritannien Colt M1911 Die Colt M1911 ist mit ihrem 7 Patronenmagazin f\u00fcr den Nahkampf oder den Kurzstreckenkampf gut geeignet. Lee Enfield Das Enfield-Gewehr ist hervoragend f\u00fcr den Fernkampf geeignet.Es ist sehr pr\u00e4zise und sehr durchschlagskr\u00e4ftig.Mit dem 10 Patronen fassenden Magazin auch f\u00fcr kurze Distanz geeignet, da Repetier-Gewehr. Sten Die [&hellip;]<\/p>\n","protected":false},"author":1,"featured_media":0,"parent":0,"menu_order":0,"comment_status":"closed","ping_status":"closed","template":"","meta":{"footnotes":""},"class_list":["post-80","page","type-page","status-publish","hentry"],"_links":{"self":[{"href":"https:\/\/blog.map-invasion.de\/startseite\/wp-json\/wp\/v2\/pages\/80","targetHints":{"allow":["GET"]}}],"collection":[{"href":"https:\/\/blog.map-invasion.de\/startseite\/wp-json\/wp\/v2\/pages"}],"about":[{"href":"https:\/\/blog.map-invasion.de\/startseite\/wp-json\/wp\/v2\/types\/page"}],"author":[{"embeddable":true,"href":"https:\/\/blog.map-invasion.de\/startseite\/wp-json\/wp\/v2\/users\/1"}],"replies":[{"embeddable":true,"href":"https:\/\/blog.map-invasion.de\/startseite\/wp-json\/wp\/v2\/comments?post=80"}],"version-history":[{"count":3,"href":"https:\/\/blog.map-invasion.de\/startseite\/wp-json\/wp\/v2\/pages\/80\/revisions"}],"predecessor-version":[{"id":138,"href":"https:\/\/blog.map-invasion.de\/startseite\/wp-json\/wp\/v2\/pages\/80\/revisions\/138"}],"wp:attachment":[{"href":"https:\/\/blog.map-invasion.de\/startseite\/wp-json\/wp\/v2\/media?parent=80"}],"curies":[{"name":"wp","href":"https:\/\/api.w.org\/{rel}","templated":true}]}}