{"id":86,"date":"2025-09-04T13:11:56","date_gmt":"2025-09-04T11:11:56","guid":{"rendered":"https:\/\/blog.map-invasion.de\/startseite\/?page_id=86"},"modified":"2025-09-07T17:17:49","modified_gmt":"2025-09-07T15:17:49","slug":"mods","status":"publish","type":"page","link":"https:\/\/blog.map-invasion.de\/startseite\/mods","title":{"rendered":"Mods"},"content":{"rendered":"\n<p class=\"has-medium-font-size\"><strong>Call of Duty<\/strong><\/p>\n\n\n\n<figure class=\"wp-block-table is-style-stripes\"><table class=\"has-fixed-layout\"><tbody><tr><th>&nbsp;<\/th><th>Mod<\/th><th>Kurzbeschreibung<\/th><th>Art<\/th><\/tr><tr><th>1.<\/th><td>MERCILESS Mod<\/td><td>Mit dieser Mod wirds blutig in CoD<\/td><td>Multiplayer<\/td><\/tr><tr><th>2.<\/th><td>AWE Mod<\/td><td>Gamplay Mod<\/td><td>Multiplayer<\/td><\/tr><tr><th>3.<\/th><td>Breaking50-Mod<\/td><td>Paintball spielen in CoD? Die Breaking50-MOD machts m\u00f6glich<\/td><td>Multiplayer<\/td><\/tr><tr><th>4.<\/th><td>Heat of Batlle Mod<\/td><td>Die Mod setzt auf Teamplay<\/td><td>Multiplayer<\/td><\/tr><tr><th>5.<\/th><td>SWAT Mod<\/td><td>Hier k\u00e4mpft das Swat gegen Terroristen<\/td><td>Multiplayer<\/td><\/tr><tr><th>6.<\/th><td>Revolt Mod<\/td><td>CoD im Counter-Strike Style<\/td><td>Multiplayer<\/td><\/tr><\/tbody><\/table><\/figure>\n\n\n\n<p class=\"has-medium-font-size\"><strong>Call of Duty &#8211; United Offensive<\/strong><\/p>\n\n\n\n<figure class=\"wp-block-table is-style-stripes\"><table class=\"has-fixed-layout\"><tbody><tr><th>&nbsp;<\/th><th>Mod<\/th><th>Kurzbeschreibung<\/th><th>Art<\/th><\/tr><tr><th>1.<\/th><td>MERCILESS Mod<\/td><td>Mit dieser Mod wirds blutig in CoD<\/td><td>Multiplayer<\/td><\/tr><tr><th>2.<\/th><td>German Front Mod<\/td><td>Diese Mod hat die Wehrmacht als Hauptthema.Sie bring viele neue Waffen und Fahrzeuge. Die Mod setzt au\u00dferdem viel Wert auf Realismus<\/td><td>Single\/Multiplayer<\/td><\/tr><tr><th>3.<\/th><td>AWE Mod<\/td><td>Gamplay Mod<\/td><td>Multiplayer<\/td><\/tr><tr><th>4.<\/th><td>Revolt UO Mod<\/td><td>CoD im Counter-Strike Style<\/td><td>Multiplayer<\/td><\/tr><\/tbody><\/table><\/figure>\n\n\n\n<p><\/p>\n\n\n\n<blockquote class=\"wp-block-quote is-layout-flow wp-block-quote-is-layout-flow\">\n<p class=\"has-small-font-size\">*Ich \u00fcbernehme keine Haftung f\u00fcr Sch\u00e4den an Hard- oder Software die durch meine Tipps oder Downloads entstanden sind oder entstehen k\u00f6nnen. Desweiter sind die Downloads und Links explizit nicht auf Viren gepr\u00fcft. F\u00fcr Angebote von Drittanbietern \u00fcbernehme ich keine Haftung. Die Nutzung aller Downloads und Tipps erfolgt auf ausschlie\u00dflich eigene Gefahr.<\/p>\n<\/blockquote>\n\n\n\n<p><\/p>\n","protected":false},"excerpt":{"rendered":"<p>Call of Duty &nbsp; Mod Kurzbeschreibung Art 1. MERCILESS Mod Mit dieser Mod wirds blutig in CoD Multiplayer 2. AWE Mod Gamplay Mod Multiplayer 3. Breaking50-Mod Paintball spielen in CoD? Die Breaking50-MOD machts m\u00f6glich Multiplayer 4. Heat of Batlle Mod Die Mod setzt auf Teamplay Multiplayer 5. SWAT Mod Hier [&hellip;]<\/p>\n","protected":false},"author":1,"featured_media":0,"parent":0,"menu_order":0,"comment_status":"closed","ping_status":"closed","template":"","meta":{"footnotes":""},"class_list":["post-86","page","type-page","status-publish","hentry"],"_links":{"self":[{"href":"https:\/\/blog.map-invasion.de\/startseite\/wp-json\/wp\/v2\/pages\/86","targetHints":{"allow":["GET"]}}],"collection":[{"href":"https:\/\/blog.map-invasion.de\/startseite\/wp-json\/wp\/v2\/pages"}],"about":[{"href":"https:\/\/blog.map-invasion.de\/startseite\/wp-json\/wp\/v2\/types\/page"}],"author":[{"embeddable":true,"href":"https:\/\/blog.map-invasion.de\/startseite\/wp-json\/wp\/v2\/users\/1"}],"replies":[{"embeddable":true,"href":"https:\/\/blog.map-invasion.de\/startseite\/wp-json\/wp\/v2\/comments?post=86"}],"version-history":[{"count":3,"href":"https:\/\/blog.map-invasion.de\/startseite\/wp-json\/wp\/v2\/pages\/86\/revisions"}],"predecessor-version":[{"id":214,"href":"https:\/\/blog.map-invasion.de\/startseite\/wp-json\/wp\/v2\/pages\/86\/revisions\/214"}],"wp:attachment":[{"href":"https:\/\/blog.map-invasion.de\/startseite\/wp-json\/wp\/v2\/media?parent=86"}],"curies":[{"name":"wp","href":"https:\/\/api.w.org\/{rel}","templated":true}]}}